{"id":2,"date":"2013-11-27T10:56:08","date_gmt":"2013-11-27T10:56:08","guid":{"rendered":"http:\/\/fmmiljo.no\/?page_id=2"},"modified":"2016-10-04T17:40:14","modified_gmt":"2016-10-04T17:40:14","slug":"sample-page","status":"publish","type":"page","link":"https:\/\/fmmiljo.no\/?page_id=2","title":{"rendered":"Om firmaet"},"content":{"rendered":"<p>&nbsp;<\/p>\n<p>Org nr. 982 023 432<\/p>\n<p><a href=\"http:\/\/fmmiljo.no\/wp-content\/uploads\/2013\/11\/Logo-jan.jpg\"><img loading=\"lazy\" decoding=\"async\" class=\"alignnone size-medium wp-image-355\" src=\"http:\/\/fmmiljo.no\/wp-content\/uploads\/2013\/11\/Logo-jan-300x82.jpg\" alt=\"logo-jan\" width=\"300\" height=\"82\" srcset=\"https:\/\/fmmiljo.no\/wp-content\/uploads\/2013\/11\/Logo-jan-300x82.jpg 300w, https:\/\/fmmiljo.no\/wp-content\/uploads\/2013\/11\/Logo-jan-768x209.jpg 768w, https:\/\/fmmiljo.no\/wp-content\/uploads\/2013\/11\/Logo-jan-1024x279.jpg 1024w, https:\/\/fmmiljo.no\/wp-content\/uploads\/2013\/11\/Logo-jan.jpg 1956w\" sizes=\"auto, (max-width: 300px) 100vw, 300px\" \/><\/a><\/p>\n<p>&nbsp;<\/p>\n<p>&nbsp;<\/p>\n<div id=\"id_57f3e93be2cc46304993165\" class=\"text_exposed_root text_exposed\">FM Milj\u00f8produkter er et enkeltmanns foretak som ble etablert i 2001 og videref\u00f8rt fra F.Michaelsen &amp; Co som ble etablert i 1<span class=\"text_exposed_hide\">&#8230;<\/span><span class=\"text_exposed_show\">976.<\/p>\n<p>1. Oktober 2016 tok \u00d8ystein Skoglund over firmaet da Finn \u00c5ge Michaelsen valgte \u00e5 pensjonere seg. Vi vil fortsette og f\u00f8re de samme gode produktene og i tillegg videreutvikle oss med nye produkter.<\/p>\n<p>Vi vil fortsatt bestreber \u00e5 yte maksimal service og konkuransedyktige priser.<\/p>\n<p>Vi har lager i Niels \u00d8degaardsgt. 2-4 2815 Gj\u00f8vik, hvor kunder kan avtale tid for kj\u00f8p av produkter og i tillegg har kundeoppf\u00f8lgings ruter hver 6 uke i Gudbrandsdal til Lom \/ Hadeland m. Oslo etter behov \/ Kongsvinger om Elverum etter behov og n\u00e6romr\u00e5de Gj\u00f8vik\/Toten.<\/span><\/div>\n<p>&nbsp;<\/p>\n<p>&nbsp;<\/p>\n<div style=\"padding-bottom:20px; padding-top:10px;\" class=\"hupso-share-buttons\"><!-- Hupso Share Buttons - http:\/\/www.hupso.com\/share\/ --><a class=\"hupso_toolbar\" href=\"http:\/\/www.hupso.com\/share\/\"><img decoding=\"async\" src=\"https:\/\/static.hupso.com\/share\/buttons\/lang\/no\/share-medium.png\" style=\"border:0px; padding-top:5px; float:left;\" alt=\"Share Button\"\/><\/a><script type=\"text\/javascript\">var hupso_services_t=new Array(\"Twitter\",\"Facebook\",\"Google Plus\",\"Linkedin\",\"Email\",\"Print\");var hupso_background_t=\"#EAF4FF\";var hupso_border_t=\"#66CCFF\";var hupso_toolbar_size_t=\"medium\";var hupso_image_folder_url = \"\";var hupso_url_t=\"\";var hupso_title_t=\"Om firmaet\";<\/script><script type=\"text\/javascript\" src=\"https:\/\/static.hupso.com\/share\/js\/share_toolbar.js\"><\/script><!-- Hupso Share Buttons --><\/div>","protected":false},"excerpt":{"rendered":"<p>&nbsp; Org nr. 982 023 432 &nbsp; &nbsp; FM Milj\u00f8produkter er et enkeltmanns foretak som ble etablert i 2001 og videref\u00f8rt fra F.Michaelsen &amp; Co som ble etablert i 1&#8230;976. 1. Oktober 2016 tok \u00d8ystein Skoglund over firmaet da Finn \u00c5ge Michaelsen valgte \u00e5 pensjonere seg. Vi vil fortsette og f\u00f8re de samme gode produktene og i tillegg videreutvikle oss med nye produkter. Vi vil fortsatt bestreber \u00e5 yte maksimal service og konkuransedyktige priser. Vi har lager i Niels \u00d8degaardsgt. 2-4 2815 Gj\u00f8vik, hvor kunder kan avtale tid for kj\u00f8p av produkter og i tillegg har kundeoppf\u00f8lgings ruter hver 6<\/p>\n<a class=\"more-link\" rel=\"nofollow\" href=\"https:\/\/fmmiljo.no\/?page_id=2\">[Read More...]<\/a><div style=\"padding-bottom:20px; padding-top:10px;\" class=\"hupso-share-buttons\"><!-- Hupso Share Buttons - http:\/\/www.hupso.com\/share\/ --><a class=\"hupso_toolbar\" href=\"http:\/\/www.hupso.com\/share\/\"><img src=\"https:\/\/static.hupso.com\/share\/buttons\/lang\/no\/share-medium.png\" style=\"border:0px; padding-top:5px; float:left;\" alt=\"Share Button\"\/><\/a><script type=\"text\/javascript\">var hupso_services_t=new Array(\"Twitter\",\"Facebook\",\"Google Plus\",\"Linkedin\",\"Email\",\"Print\");var hupso_background_t=\"#EAF4FF\";var hupso_border_t=\"#66CCFF\";var hupso_toolbar_size_t=\"medium\";var hupso_image_folder_url = \"\";var hupso_url_t=\"\";var hupso_title_t=\"Om firmaet\";<\/script><script type=\"text\/javascript\" src=\"https:\/\/static.hupso.com\/share\/js\/share_toolbar.js\"><\/script><!-- Hupso Share Buttons --><\/div>","protected":false},"author":1,"featured_media":0,"parent":0,"menu_order":0,"comment_status":"open","ping_status":"closed","template":"","meta":{"footnotes":""},"class_list":["post-2","page","type-page","status-publish","hentry"],"_links":{"self":[{"href":"https:\/\/fmmiljo.no\/index.php?rest_route=\/wp\/v2\/pages\/2","targetHints":{"allow":["GET"]}}],"collection":[{"href":"https:\/\/fmmiljo.no\/index.php?rest_route=\/wp\/v2\/pages"}],"about":[{"href":"https:\/\/fmmiljo.no\/index.php?rest_route=\/wp\/v2\/types\/page"}],"author":[{"embeddable":true,"href":"https:\/\/fmmiljo.no\/index.php?rest_route=\/wp\/v2\/users\/1"}],"replies":[{"embeddable":true,"href":"https:\/\/fmmiljo.no\/index.php?rest_route=%2Fwp%2Fv2%2Fcomments&post=2"}],"version-history":[{"count":28,"href":"https:\/\/fmmiljo.no\/index.php?rest_route=\/wp\/v2\/pages\/2\/revisions"}],"predecessor-version":[{"id":359,"href":"https:\/\/fmmiljo.no\/index.php?rest_route=\/wp\/v2\/pages\/2\/revisions\/359"}],"wp:attachment":[{"href":"https:\/\/fmmiljo.no\/index.php?rest_route=%2Fwp%2Fv2%2Fmedia&parent=2"}],"curies":[{"name":"wp","href":"https:\/\/api.w.org\/{rel}","templated":true}]}}