{"id":380,"date":"2016-10-04T18:28:38","date_gmt":"2016-10-04T18:28:38","guid":{"rendered":"http:\/\/fmmiljo.no\/?page_id=380"},"modified":"2016-10-04T18:29:32","modified_gmt":"2016-10-04T18:29:32","slug":"produktside","status":"publish","type":"page","link":"https:\/\/fmmiljo.no\/?page_id=380","title":{"rendered":"Produkter"},"content":{"rendered":"<h1><\/h1>\n<h1>\u00a0<a href=\"http:\/\/fmmiljo.no\/wp-content\/uploads\/2013\/11\/Logo-jan.jpg\"><img loading=\"lazy\" decoding=\"async\" class=\"alignnone size-medium wp-image-355\" src=\"http:\/\/fmmiljo.no\/wp-content\/uploads\/2013\/11\/Logo-jan-300x82.jpg\" alt=\"logo-jan\" width=\"300\" height=\"82\" srcset=\"https:\/\/fmmiljo.no\/wp-content\/uploads\/2013\/11\/Logo-jan-300x82.jpg 300w, https:\/\/fmmiljo.no\/wp-content\/uploads\/2013\/11\/Logo-jan-768x209.jpg 768w, https:\/\/fmmiljo.no\/wp-content\/uploads\/2013\/11\/Logo-jan-1024x279.jpg 1024w, https:\/\/fmmiljo.no\/wp-content\/uploads\/2013\/11\/Logo-jan.jpg 1956w\" sizes=\"auto, (max-width: 300px) 100vw, 300px\" \/><\/a><\/h1>\n<h1><\/h1>\n<h1><\/h1>\n<h1><span style=\"color: #0000ff;\">V\u00e6r milj\u00f8bevisst &#8211; VELG norske produkter<\/span><\/h1>\n<h1><strong>FM Micro Forvask <\/strong> \u00a0 \u00a0 \u00a0 \u00a0 \u00a0\u00a0 <a title=\"Demo FM Micro forvask \" href=\"https:\/\/twitter.com\/Finngemi\/status\/265873021246521344\" target=\"_blank\"><u><span style=\"color: #0066cc;\">Demo av FM Micro Forvask<\/span><\/u><\/a><\/h1>\n<p>Bil &amp; Trailervask Fjerner veisalt effektivt og etterlater en skinnende blank Overflate. Blandingsforhold: Sommer 1: 15 Vinter: 1: 7 Yl Gruppe 1 xi, Irriterende pH 9,8<\/p>\n<h1><strong>FM imido Ekstra<\/strong><\/h1>\n<p>T\u00f8mmerbilvask-Industri gulvvask-Avfetting &#8211; Husvask &#8211; Grovrengj\u00f8ring Blandingsforhold: en 10 til 50 XI, Irriterende ph 10,2 (i 2% oppl\u00f8sn.)<\/p>\n<h1><strong>FM Micro 3<\/strong><\/h1>\n<p>Veisaltfjerner &#8211; Trailervask Blandingsforhold: 1: 6 til 50 XI Irriterende YL Gruppe 1 pH 11,5<\/p>\n<h1><strong>FM Autoshampo<\/strong><\/h1>\n<p>Bilvask m \/ voks &#8211; Campingvogn vask &#8211; Plastm\u00f8bel vask Ikke merkepliktig produkt Blandingsforhold: 1: 20 til 100 pH 10,8<\/p>\n<h1><strong>FM Sunclean 70<\/strong><\/h1>\n<p>Asfaltfjerner &#8211; Motorvask &#8211; Avfetting bensin &#8211; Delevask: Brukes konsentrert i rensebad. Avvoksing Nye biler: 2 &#8211; 5% innjiseres Xn, Helseskadelig YL Gruppe 00<\/p>\n<h1><strong>FM Vinduspylerveske konsentrat<\/strong><\/h1>\n<p>75 liter Ferdig veske Som holder -15 gr. (.. Utg\u00e5ngspunkt 25 ltr Kons SOM utblandes 1: 2)<\/p>\n<h1><strong>FM Kaldavfetting<\/strong><\/h1>\n<p>Kraftig avfettingsmiddel Ypperlig til kaldavfetting: Asfaltflekker, Olje, fett og veisalt. Xn, helseskadelig R-10 brannfarlig YL Gruppe 4 (YL tall 1600-2400)<\/p>\n<h1><strong>FM Grovrent 5 ltr<\/strong><\/h1>\n<p>Rapsoljebasert grovrengj\u00f8ringsmiddel. Konsentrat. 55 ltr. Ferdig Blanding. Bruksomr\u00e5de: Spray p\u00e5 kokekar og panner for Rask fettoppl\u00f8sning &#8211; Stekovnsrens &#8211; Flekkfjerner: Vin, fett, Olje, egg, ol PRIS PR. LTR. FERDIGBLANDET 1.10 KR. 3,60 pH 10,8<\/p>\n<h1><strong>Lukt Gon Luktfjerner 500 ml. (se Egen brosjyre)<\/strong><\/h1>\n<p>Spesialluftrenser Som stopperen Forurensing og etterlater en meget Behagelig lukt Bade i Gardiner, sengetepper, bilseter ol. Etterlater INGEN flekker, SELV p\u00e5 en hvit skjorte. Kan ogs\u00e5 blandes i vaskevann.<\/p>\n<div style=\"padding-bottom:20px; padding-top:10px;\" class=\"hupso-share-buttons\"><!-- Hupso Share Buttons - http:\/\/www.hupso.com\/share\/ --><a class=\"hupso_toolbar\" href=\"http:\/\/www.hupso.com\/share\/\"><img decoding=\"async\" src=\"https:\/\/static.hupso.com\/share\/buttons\/lang\/no\/share-medium.png\" style=\"border:0px; padding-top:5px; float:left;\" alt=\"Share Button\"\/><\/a><script type=\"text\/javascript\">var hupso_services_t=new Array(\"Twitter\",\"Facebook\",\"Google Plus\",\"Linkedin\",\"Email\",\"Print\");var hupso_background_t=\"#EAF4FF\";var hupso_border_t=\"#66CCFF\";var hupso_toolbar_size_t=\"medium\";var hupso_image_folder_url = \"\";var hupso_url_t=\"\";var hupso_title_t=\"Produkter\";<\/script><script type=\"text\/javascript\" src=\"https:\/\/static.hupso.com\/share\/js\/share_toolbar.js\"><\/script><!-- Hupso Share Buttons --><\/div>","protected":false},"excerpt":{"rendered":"<p>\u00a0 V\u00e6r milj\u00f8bevisst &#8211; VELG norske produkter FM Micro Forvask \u00a0 \u00a0 \u00a0 \u00a0 \u00a0\u00a0 Demo av FM Micro Forvask Bil &amp; Trailervask Fjerner veisalt effektivt og etterlater en skinnende blank Overflate. Blandingsforhold: Sommer 1: 15 Vinter: 1: 7 Yl Gruppe 1 xi, Irriterende pH 9,8 FM imido Ekstra T\u00f8mmerbilvask-Industri gulvvask-Avfetting &#8211; Husvask &#8211; Grovrengj\u00f8ring Blandingsforhold: en 10 til 50 XI, Irriterende ph 10,2 (i 2% oppl\u00f8sn.) FM Micro 3 Veisaltfjerner &#8211; Trailervask Blandingsforhold: 1: 6 til 50 XI Irriterende YL Gruppe 1 pH 11,5 FM Autoshampo Bilvask m \/ voks &#8211; Campingvogn vask &#8211; Plastm\u00f8bel vask Ikke merkepliktig produkt<\/p>\n<a class=\"more-link\" rel=\"nofollow\" href=\"https:\/\/fmmiljo.no\/?page_id=380\">[Read More...]<\/a><div style=\"padding-bottom:20px; padding-top:10px;\" class=\"hupso-share-buttons\"><!-- Hupso Share Buttons - http:\/\/www.hupso.com\/share\/ --><a class=\"hupso_toolbar\" href=\"http:\/\/www.hupso.com\/share\/\"><img src=\"https:\/\/static.hupso.com\/share\/buttons\/lang\/no\/share-medium.png\" style=\"border:0px; padding-top:5px; float:left;\" alt=\"Share Button\"\/><\/a><script type=\"text\/javascript\">var hupso_services_t=new Array(\"Twitter\",\"Facebook\",\"Google Plus\",\"Linkedin\",\"Email\",\"Print\");var hupso_background_t=\"#EAF4FF\";var hupso_border_t=\"#66CCFF\";var hupso_toolbar_size_t=\"medium\";var hupso_image_folder_url = \"\";var hupso_url_t=\"\";var hupso_title_t=\"Produkter\";<\/script><script type=\"text\/javascript\" src=\"https:\/\/static.hupso.com\/share\/js\/share_toolbar.js\"><\/script><!-- Hupso Share Buttons --><\/div>","protected":false},"author":2,"featured_media":0,"parent":0,"menu_order":0,"comment_status":"closed","ping_status":"closed","template":"","meta":{"footnotes":""},"class_list":["post-380","page","type-page","status-publish","hentry"],"_links":{"self":[{"href":"https:\/\/fmmiljo.no\/index.php?rest_route=\/wp\/v2\/pages\/380","targetHints":{"allow":["GET"]}}],"collection":[{"href":"https:\/\/fmmiljo.no\/index.php?rest_route=\/wp\/v2\/pages"}],"about":[{"href":"https:\/\/fmmiljo.no\/index.php?rest_route=\/wp\/v2\/types\/page"}],"author":[{"embeddable":true,"href":"https:\/\/fmmiljo.no\/index.php?rest_route=\/wp\/v2\/users\/2"}],"replies":[{"embeddable":true,"href":"https:\/\/fmmiljo.no\/index.php?rest_route=%2Fwp%2Fv2%2Fcomments&post=380"}],"version-history":[{"count":2,"href":"https:\/\/fmmiljo.no\/index.php?rest_route=\/wp\/v2\/pages\/380\/revisions"}],"predecessor-version":[{"id":384,"href":"https:\/\/fmmiljo.no\/index.php?rest_route=\/wp\/v2\/pages\/380\/revisions\/384"}],"wp:attachment":[{"href":"https:\/\/fmmiljo.no\/index.php?rest_route=%2Fwp%2Fv2%2Fmedia&parent=380"}],"curies":[{"name":"wp","href":"https:\/\/api.w.org\/{rel}","templated":true}]}}