{"id":47,"date":"2013-11-27T21:45:55","date_gmt":"2013-11-27T21:45:55","guid":{"rendered":"http:\/\/fmmiljo.no\/?page_id=47"},"modified":"2016-10-04T17:43:30","modified_gmt":"2016-10-04T17:43:30","slug":"spesial-luftrensere","status":"publish","type":"page","link":"https:\/\/fmmiljo.no\/?page_id=47","title":{"rendered":"Spesial luftrensere"},"content":{"rendered":"<h1><a href=\"http:\/\/fmmiljo.no\/wp-content\/uploads\/2013\/11\/Logo-jan.jpg\"><img loading=\"lazy\" decoding=\"async\" class=\"alignnone size-medium wp-image-355\" src=\"http:\/\/fmmiljo.no\/wp-content\/uploads\/2013\/11\/Logo-jan-300x82.jpg\" alt=\"logo-jan\" width=\"300\" height=\"82\" srcset=\"https:\/\/fmmiljo.no\/wp-content\/uploads\/2013\/11\/Logo-jan-300x82.jpg 300w, https:\/\/fmmiljo.no\/wp-content\/uploads\/2013\/11\/Logo-jan-768x209.jpg 768w, https:\/\/fmmiljo.no\/wp-content\/uploads\/2013\/11\/Logo-jan-1024x279.jpg 1024w, https:\/\/fmmiljo.no\/wp-content\/uploads\/2013\/11\/Logo-jan.jpg 1956w\" sizes=\"auto, (max-width: 300px) 100vw, 300px\" \/><\/a><\/h1>\n<h1>\u00a0Odorgon luktfjerner<\/h1>\n<p>Odor Gon Luktfjerner 500 ml. Odorgon<br \/>\nSpesialluftrenser som stopper forurensing og etterlater en meget behagelig lukt b\u00e5de i gardiner,sengetepper,bilseter ol. Etterlater ingen flekker, selv p\u00e5 en hvit skjorte. Kan ogs\u00e5 blandes i vaskevann.<br \/>\n* Spray ned sengeteppe og gardiner f\u00f8r utsjekking av rommet<br \/>\n* N\u00f8ytraliser lukt etter katt og hundeurin.<br \/>\n* Toalettrens<br \/>\n* R\u00f8ykfjerner<br \/>\n* Fjerner noen vin flekker\u00a0\u00a0\u00a0\u00a0\u00a0\u00a0\u00a0\u00a0\u00a0\u00a0\u00a0 Klikk p\u00e5 brosjyren for \u00e5 lese !<\/p>\n<p><a href=\"http:\/\/miljoprodukter.files.wordpress.com\/2012\/11\/odor-gon.jpg\"><img decoding=\"async\" title=\"Odor Gon\" src=\"http:\/\/miljoprodukter.files.wordpress.com\/2012\/11\/odor-gon.jpg?w=209&amp;h=300\" alt=\"\" \/><\/a><\/p>\n<h1>FM Spesial luftrensere<\/h1>\n<p>Et rent toalett\/vaskerom skal lukte rent. Friske nye dufter kombinert med en innovativ refill og dispenserteknologi tilfredsstiller kravet til renhet og frisk lukt.<\/p>\n<ul>\n<li>V\u00e5rt produktspekter omfatter aerosoler og ikke-aerosol duftsystem.<\/li>\n<li>Duften er mer merkbar fordi den har profesjonell langvarig styrke og kvalitet.<\/li>\n<li>D\u00e5rlig lukt n\u00f8ytraliseres.<\/li>\n<li>Nyskapende refill og dispenserteknologi gir st\u00f8rre fleksibilitet og bedre ytelse.<\/li>\n<\/ul>\n<table border=\"0\">\n<tbody>\n<tr>\n<td><\/td>\n<td><\/td>\n<td><\/td>\n<td><\/td>\n<td><\/td>\n<\/tr>\n<tr>\n<td>\n<h2>Digital dispenser<\/h2>\n<ul>\n<li>Gir frisk duft der du trenger det.<\/li>\n<li>En refill varer opptil 6mnd.<\/li>\n<li>Det billigste system i drift.<\/li>\n<li>Enkel programmering med mange muligheter.<\/li>\n<li>Leverer frisk duft til ditt behov.<\/li>\n<li>Stilig moderne design som en del av Vision-serien.<\/li>\n<\/ul>\n<\/td>\n<td><\/td>\n<td>\n<h2>24\/7 Dispenser<\/h2>\n<ul>\n<li>H\u00f8ykvalitets dispenser for kontinuerlig drift.<\/li>\n<li>Slitesterk.<\/li>\n<li>3 innstillinger<\/li>\n<li>Opptil 60 dagers drift pr refill.<\/li>\n<li>Stilig moderne design som en del av Vision-serien.<\/li>\n<\/ul>\n<\/td>\n<td><\/td>\n<td>\n<h2>Maxi-Plus Aerosoler<\/h2>\n<ul>\n<li>Det beste langtidsvirkende aerosol som utkonkurrerer andre aerosoler.<\/li>\n<li>Passer i en del andre dispensere.<\/li>\n<li>Ny teknologi gir bedre spredning som henger lengre igjen i luften og reduserer kostnadene med opptil 60%.<\/li>\n<\/ul>\n<\/td>\n<\/tr>\n<tr>\n<td><\/td>\n<td><\/td>\n<td><\/td>\n<td><\/td>\n<td><\/td>\n<\/tr>\n<tr>\n<td>\n<h2>Maxi Aerosoler<\/h2>\n<ul>\n<li>Gir h\u00f8yest ytelse av alle standard st\u00f8rrelse refiller.<\/li>\n<li>Passer til Digital og 24\/7 dispensere samt en del andre dispensere.<\/li>\n<li>N\u00f8ytraliserer d\u00e5rlig lukt og bakterier, r\u00f8k, mat og kroppslukt.<\/li>\n<\/ul>\n<\/td>\n<td><\/td>\n<td>\n<h2>Mini Aerosoler<\/h2>\n<ul>\n<li>Gir opptil dobbel ytelse i forhold til andre mini refiller.<\/li>\n<li>Opptil 60 dagers drift pr refill.<\/li>\n<li>Passer til Digital og 24\/7 dispensere samt en del andre Mini dispensere.<\/li>\n<li>N\u00f8ytraliserer d\u00e5rlig lukt og bakterier, r\u00f8k, mat og kroppslukt.<\/li>\n<\/ul>\n<\/td>\n<td><\/td>\n<td>\n<h2>Oxo-Gen<\/h2>\n<ul>\n<li>Innovativ refillteknologi og naturlige duftoljer gir kontinuerlig frisk duft.<\/li>\n<li>Bedre for milj\u00f8et.<\/li>\n<li>Lang virketid \u2013 h\u00f8yere intensitet.<\/li>\n<li>Innovativ teknologi gir presis dosering hver gang.<\/li>\n<li>Et friskt luktende rom gir et godt inntrykk av renholdsstandarden.<\/li>\n<li>Kan leveres med fire forskjellige dufter.<\/li>\n<\/ul>\n<\/td>\n<\/tr>\n<\/tbody>\n<\/table>\n<p>&#8211; Aerosolene kan leveres med ni forskjellige dufter og det kommer stadig nye varianter.<br \/>\n&#8211; Produsert i Europa i ISO-registrert produksjonsprosess.<br \/>\n&#8211; Merket i henhold til REACH regulativ og p\u00e5f\u00f8rt all teknisk spesifikasjon.<br \/>\n&#8211; Milj\u00f8vennlig, men tydelig merket for mulige risiko.<br \/>\n&#8211; S\u00f8ml\u00f8s Al boks, sikker ved skifte, lagring og bruk.<br \/>\n&#8211; Resirkulerbar.<\/p>\n<p>&nbsp;<\/p>\n<p><img decoding=\"async\" class=\"decoded\" src=\"http:\/\/www.1881.no\/Logo\/191794\/4c9d7f1a19fa4b588f1f8538d106d9a0.gif\" alt=\"http:\/\/www.1881.no\/Logo\/191794\/4c9d7f1a19fa4b588f1f8538d106d9a0.gif\" \/><img loading=\"lazy\" decoding=\"async\" src=\"http:\/\/www.bfrenning.no\/images\/design\/logo.gif\" alt=\"\" width=\"221\" height=\"58\" \/><a href=\"http:\/\/fmmiljo.no\/wp-content\/uploads\/2013\/11\/logo-abm1.jpg\"><img loading=\"lazy\" decoding=\"async\" class=\"alignnone size-full wp-image-92\" src=\"http:\/\/fmmiljo.no\/wp-content\/uploads\/2013\/11\/logo-abm1.jpg\" alt=\"logo abm\" width=\"120\" height=\"78\" \/><\/a><a href=\"http:\/\/www.bilskadeinstituttet.no\"><img loading=\"lazy\" decoding=\"async\" src=\"http:\/\/www.bilskadeinstituttet.no\/wp-content\/uploads\/2013\/11\/image0022-e1384032509898.jpg\" alt=\"Logo\" width=\"253\" height=\"60\" \/><\/a><\/p>\n<div style=\"padding-bottom:20px; padding-top:10px;\" class=\"hupso-share-buttons\"><!-- Hupso Share Buttons - http:\/\/www.hupso.com\/share\/ --><a class=\"hupso_toolbar\" href=\"http:\/\/www.hupso.com\/share\/\"><img decoding=\"async\" src=\"https:\/\/static.hupso.com\/share\/buttons\/lang\/no\/share-medium.png\" style=\"border:0px; padding-top:5px; float:left;\" alt=\"Share Button\"\/><\/a><script type=\"text\/javascript\">var hupso_services_t=new Array(\"Twitter\",\"Facebook\",\"Google Plus\",\"Linkedin\",\"Email\",\"Print\");var hupso_background_t=\"#EAF4FF\";var hupso_border_t=\"#66CCFF\";var hupso_toolbar_size_t=\"medium\";var hupso_image_folder_url = \"\";var hupso_url_t=\"\";var hupso_title_t=\"Spesial luftrensere\";<\/script><script type=\"text\/javascript\" src=\"https:\/\/static.hupso.com\/share\/js\/share_toolbar.js\"><\/script><!-- Hupso Share Buttons --><\/div>","protected":false},"excerpt":{"rendered":"<p>\u00a0Odorgon luktfjerner Odor Gon Luktfjerner 500 ml. Odorgon Spesialluftrenser som stopper forurensing og etterlater en meget behagelig lukt b\u00e5de i gardiner,sengetepper,bilseter ol. Etterlater ingen flekker, selv p\u00e5 en hvit skjorte. Kan ogs\u00e5 blandes i vaskevann. * Spray ned sengeteppe og gardiner f\u00f8r utsjekking av rommet * N\u00f8ytraliser lukt etter katt og hundeurin. * Toalettrens * R\u00f8ykfjerner * Fjerner noen vin flekker\u00a0\u00a0\u00a0\u00a0\u00a0\u00a0\u00a0\u00a0\u00a0\u00a0\u00a0 Klikk p\u00e5 brosjyren for \u00e5 lese ! FM Spesial luftrensere Et rent toalett\/vaskerom skal lukte rent. Friske nye dufter kombinert med en innovativ refill og dispenserteknologi tilfredsstiller kravet til renhet og frisk lukt. V\u00e5rt produktspekter omfatter aerosoler og ikke-aerosol<\/p>\n<a class=\"more-link\" rel=\"nofollow\" href=\"https:\/\/fmmiljo.no\/?page_id=47\">[Read More...]<\/a><div style=\"padding-bottom:20px; padding-top:10px;\" class=\"hupso-share-buttons\"><!-- Hupso Share Buttons - http:\/\/www.hupso.com\/share\/ --><a class=\"hupso_toolbar\" href=\"http:\/\/www.hupso.com\/share\/\"><img src=\"https:\/\/static.hupso.com\/share\/buttons\/lang\/no\/share-medium.png\" style=\"border:0px; padding-top:5px; float:left;\" alt=\"Share Button\"\/><\/a><script type=\"text\/javascript\">var hupso_services_t=new Array(\"Twitter\",\"Facebook\",\"Google Plus\",\"Linkedin\",\"Email\",\"Print\");var hupso_background_t=\"#EAF4FF\";var hupso_border_t=\"#66CCFF\";var hupso_toolbar_size_t=\"medium\";var hupso_image_folder_url = \"\";var hupso_url_t=\"\";var hupso_title_t=\"Spesial luftrensere\";<\/script><script type=\"text\/javascript\" src=\"https:\/\/static.hupso.com\/share\/js\/share_toolbar.js\"><\/script><!-- Hupso Share Buttons --><\/div>","protected":false},"author":1,"featured_media":0,"parent":0,"menu_order":0,"comment_status":"open","ping_status":"closed","template":"","meta":{"footnotes":""},"class_list":["post-47","page","type-page","status-publish","hentry"],"_links":{"self":[{"href":"https:\/\/fmmiljo.no\/index.php?rest_route=\/wp\/v2\/pages\/47","targetHints":{"allow":["GET"]}}],"collection":[{"href":"https:\/\/fmmiljo.no\/index.php?rest_route=\/wp\/v2\/pages"}],"about":[{"href":"https:\/\/fmmiljo.no\/index.php?rest_route=\/wp\/v2\/types\/page"}],"author":[{"embeddable":true,"href":"https:\/\/fmmiljo.no\/index.php?rest_route=\/wp\/v2\/users\/1"}],"replies":[{"embeddable":true,"href":"https:\/\/fmmiljo.no\/index.php?rest_route=%2Fwp%2Fv2%2Fcomments&post=47"}],"version-history":[{"count":10,"href":"https:\/\/fmmiljo.no\/index.php?rest_route=\/wp\/v2\/pages\/47\/revisions"}],"predecessor-version":[{"id":363,"href":"https:\/\/fmmiljo.no\/index.php?rest_route=\/wp\/v2\/pages\/47\/revisions\/363"}],"wp:attachment":[{"href":"https:\/\/fmmiljo.no\/index.php?rest_route=%2Fwp%2Fv2%2Fmedia&parent=47"}],"curies":[{"name":"wp","href":"https:\/\/api.w.org\/{rel}","templated":true}]}}